{"id":427,"date":"2024-01-18T22:07:35","date_gmt":"2024-01-18T22:07:35","guid":{"rendered":"https:\/\/gmedicalsas.co\/?post_type=product&#038;p=427"},"modified":"2024-01-18T22:18:23","modified_gmt":"2024-01-18T22:18:23","slug":"maquina-de-anestesia-am852-s1-eternity","status":"publish","type":"product","link":"https:\/\/gmedicalsas.co\/index.php\/producto\/maquina-de-anestesia-am852-s1-eternity\/","title":{"rendered":"MAQUINA DE ANESTESIA AM852 S1 ETERNITY"},"content":{"rendered":"<table class=\"NormalTable\">\n<tbody>\n<tr>\n<td width=\"200\"><span class=\"fontstyle0\">Pantalla t\u00e1ctil de 12.1&#8243; TFT.<\/span><\/td>\n<\/tr>\n<tr>\n<td width=\"200\"><span class=\"fontstyle0\">Paciente Adulto, Pedi\u00e1trico \u2265 5kg. Los par\u00e1metros y el peso<br \/>\ncorporal ideal se ajusta seg\u00fan la informaci\u00f3n del paciente.<\/span><\/td>\n<\/tr>\n<tr>\n<td width=\"200\"><span class=\"fontstyle0\">Control semielectr\u00f3nico de fluj\u00f3metros.<\/span><\/td>\n<\/tr>\n<tr>\n<td width=\"200\"><span class=\"fontstyle0\">Salida auxiliar de gas fresco (ACGO &#8211; CGO).<\/span><\/td>\n<\/tr>\n<tr>\n<td width=\"200\"><span class=\"fontstyle0\">Suministro de gases: O2, N2O y Aire m\u00e1s una (1) entrada<br \/>\nauxiliar de ox\u00edgeno.<\/span><\/td>\n<\/tr>\n<tr>\n<td width=\"200\"><span class=\"fontstyle0\">Modos Ventilatorios: VCV, PCV, SIMV-VC, SIMV-PC,<br \/>\nSPONT\/PSV (Modos: Backup : VCV &#8211; PCV), PRVC, PEEP, CPAP y<br \/>\nManual.<\/span><\/td>\n<\/tr>\n<tr>\n<td width=\"200\"><span class=\"fontstyle0\">Control mec\u00e1nico de Flush O2.<\/span><\/td>\n<\/tr>\n<tr>\n<td width=\"200\"><span class=\"fontstyle0\">Volumen tidal 15 &#8211; 1500 ml.<\/span><\/td>\n<\/tr>\n<tr>\n<td width=\"200\"><span class=\"fontstyle0\">Control de par\u00e1metros Ventilatorios, gr\u00e1fica pulmonar de 3<br \/>\nformas de onda y 2 bucles ventilatorios (P-V,V-F).<\/span><\/td>\n<\/tr>\n<tr>\n<td width=\"200\"><span class=\"fontstyle0\">Circuito completo de calentamiento en el M\u00f3dulo<br \/>\nRespiratorio, Bypass inclu\u00eddo.<\/span><\/td>\n<\/tr>\n<tr>\n<td width=\"200\"><span class=\"fontstyle0\">V\u00e1lvula PEEP electr\u00f3nica incorporada.<\/span><\/td>\n<\/tr>\n<tr>\n<td width=\"200\"><span class=\"fontstyle0\">Lampara \u00e1rea de trabajo, 2 cajones de almacenamiento (1<br \/>\ncon llave), 4 ruedas (diametro 125 mm) con sistema de<br \/>\nbloqueo independiente en cada rueda.<\/span><\/td>\n<\/tr>\n<tr>\n<td width=\"200\"><span class=\"fontstyle0\">Bater\u00eda de Litio integrada (bater\u00eda de 5200 mAh).<\/span><\/td>\n<\/tr>\n<tr>\n<td width=\"200\"><span class=\"fontstyle0\">Conector RJ-45, USB y Ethernet<\/span><\/td>\n<\/tr>\n<tr>\n<td width=\"200\"><span class=\"fontstyle0\">Todos los par\u00e1metros o l\u00edmites de alarma se ajustan<br \/>\nseleccionando en la pantalla t\u00e1ctil y ajustando con la perilla.<\/span><\/td>\n<\/tr>\n<tr>\n<td width=\"200\"><span class=\"fontstyle0\">Indicador num\u00e9rico de fluj\u00f3metros en Display y LCD<\/span><\/td>\n<\/tr>\n<\/tbody>\n<\/table>\n<p>&nbsp;<\/p>\n","protected":false},"excerpt":{"rendered":"<p>Pantalla t\u00e1ctil de 12.1&#8243; TFT. Paciente Adulto, Pedi\u00e1trico \u2265 5kg. Los par\u00e1metros y el peso corporal ideal se ajusta seg\u00fan la informaci\u00f3n del paciente. Control semielectr\u00f3nico de fluj\u00f3metros. Salida auxiliar de gas fresco (ACGO &#8211; CGO). Suministro de gases: O2, N2O y Aire m\u00e1s una (1) entrada auxiliar de ox\u00edgeno. Modos Ventilatorios: VCV, PCV, SIMV-VC, &hellip;<\/p>\n<p class=\"read-more\"> <a class=\"\" href=\"https:\/\/gmedicalsas.co\/index.php\/producto\/maquina-de-anestesia-am852-s1-eternity\/\"> <span class=\"screen-reader-text\">MAQUINA DE ANESTESIA AM852 S1 ETERNITY<\/span> Read More \u00bb<\/a><\/p>\n","protected":false},"featured_media":429,"comment_status":"open","ping_status":"closed","template":"","meta":{"om_disable_all_campaigns":false,"_monsterinsights_skip_tracking":false,"_monsterinsights_sitenote_active":false,"_monsterinsights_sitenote_note":"","_monsterinsights_sitenote_category":0},"product_cat":[21],"product_tag":[],"class_list":["post-427","product","type-product","status-publish","has-post-thumbnail","hentry","product_cat-equipos-medicos","align-left","box-shadow-2","box-shadow-4-hover","ast-product-gallery-layout-horizontal","ast-product-gallery-with-no-image","ast-product-tabs-layout-horizontal"],"_links":{"self":[{"href":"https:\/\/gmedicalsas.co\/index.php\/wp-json\/wp\/v2\/product\/427"}],"collection":[{"href":"https:\/\/gmedicalsas.co\/index.php\/wp-json\/wp\/v2\/product"}],"about":[{"href":"https:\/\/gmedicalsas.co\/index.php\/wp-json\/wp\/v2\/types\/product"}],"replies":[{"embeddable":true,"href":"https:\/\/gmedicalsas.co\/index.php\/wp-json\/wp\/v2\/comments?post=427"}],"wp:featuredmedia":[{"embeddable":true,"href":"https:\/\/gmedicalsas.co\/index.php\/wp-json\/wp\/v2\/media\/429"}],"wp:attachment":[{"href":"https:\/\/gmedicalsas.co\/index.php\/wp-json\/wp\/v2\/media?parent=427"}],"wp:term":[{"taxonomy":"product_cat","embeddable":true,"href":"https:\/\/gmedicalsas.co\/index.php\/wp-json\/wp\/v2\/product_cat?post=427"},{"taxonomy":"product_tag","embeddable":true,"href":"https:\/\/gmedicalsas.co\/index.php\/wp-json\/wp\/v2\/product_tag?post=427"}],"curies":[{"name":"wp","href":"https:\/\/api.w.org\/{rel}","templated":true}]}}