{"id":422,"date":"2024-01-18T21:56:11","date_gmt":"2024-01-18T21:56:11","guid":{"rendered":"https:\/\/gmedicalsas.co\/?post_type=product&#038;p=422"},"modified":"2025-09-21T15:39:18","modified_gmt":"2025-09-21T15:39:18","slug":"maquina-de-anestesia-am832-eternity","status":"publish","type":"product","link":"https:\/\/gmedicalsas.co\/index.php\/producto\/maquina-de-anestesia-am832-eternity\/","title":{"rendered":"MAQUINA DE ANESTESIA AM832 ETERNITY"},"content":{"rendered":"<table class=\"NormalTable\" style=\"height: 832px;\" width=\"525\">\n<tbody>\n<tr>\n<td width=\"200\"><span class=\"fontstyle0\">Pantalla t\u00e1ctil de 7&#8243; TFT.<\/span><\/td>\n<\/tr>\n<tr>\n<td width=\"200\"><span class=\"fontstyle0\">Selecci\u00f3n de Paciente Adulto y Pedi\u00e1trico \u2265 10kg ajustado por<br \/>\npar\u00e1metros.<\/span><\/td>\n<\/tr>\n<tr>\n<td width=\"200\"><span class=\"fontstyle0\">Control mec\u00e1nico de fluj\u00f3metros, 4 tubos de medici\u00f3n (2 por<br \/>\ncada gas, O2 y N2O; (<\/span><span class=\"fontstyle2\">Opcional: O2 y Aire<\/span><span class=\"fontstyle0\">).<\/span><\/td>\n<\/tr>\n<tr>\n<td width=\"200\"><span class=\"fontstyle0\">Puerto externo de gas fresco.<\/span><\/td>\n<\/tr>\n<tr>\n<td width=\"200\"><span class=\"fontstyle0\">Suministro de gases: O2 y N2O; (<\/span><span class=\"fontstyle2\">Opcional: O2 y Aire<\/span><span class=\"fontstyle0\">), m\u00e1s<br \/>\nuna (1) entrada auxiliar de ox\u00edgeno.<\/span><\/td>\n<\/tr>\n<tr>\n<td width=\"200\"><span class=\"fontstyle0\">Modos Ventilatorios: A\/C, SIMV y Manual.<\/span><\/td>\n<\/tr>\n<tr>\n<td width=\"200\"><span class=\"fontstyle0\">Control mec\u00e1nico de Flush O2.<\/span><\/td>\n<\/tr>\n<tr>\n<td width=\"200\"><span class=\"fontstyle0\">Volumen tidal 20 &#8211; 1500 ml.<\/span><\/td>\n<\/tr>\n<tr>\n<td width=\"200\"><span class=\"fontstyle0\">Control de par\u00e1metros Ventilatorios y gr\u00e1fica pulmonar de 2<br \/>\nformas de onda.<\/span><\/td>\n<\/tr>\n<tr>\n<td width=\"200\"><span class=\"fontstyle0\">V\u00e1lvula PEEP electr\u00f3nica incorporada.<\/span><\/td>\n<\/tr>\n<tr>\n<td width=\"200\"><span class=\"fontstyle0\">Iluminaci\u00f3n \u00e1rea de trabajo, 1 cajon de almacenamiento, 4<br \/>\nruedas (diametro 100 mm) con sistema de bloqueo en las 2<br \/>\nruedas delanteras.<\/span><\/td>\n<\/tr>\n<tr>\n<td width=\"200\"><span class=\"fontstyle0\">Los par\u00e1metros o l\u00edmites de alarma se ajustan seleccionando<br \/>\nen la pantalla t\u00e1ctil o en los botones de membrana; el<br \/>\nvolumen se ajusta con la perilla y los par\u00e1metros con los<br \/>\nbotones de membrana.<\/span><\/td>\n<\/tr>\n<tr>\n<td width=\"200\"><span class=\"fontstyle0\">Bater\u00eda de Litio integrada (bater\u00eda de 5200 mAh).<\/span><\/td>\n<\/tr>\n<\/tbody>\n<\/table>\n<p>&nbsp;<\/p>\n","protected":false},"excerpt":{"rendered":"<table class=\"NormalTable\">\n<tbody>\n<tr>\n<td width=\"200\"><span class=\"fontstyle0\">Pantalla t\u00e1ctil de 7&#8243; TFT.<\/span><\/td>\n<\/tr>\n<tr>\n<td width=\"200\"><span class=\"fontstyle0\">Selecci\u00f3n de Paciente Adulto y Pedi\u00e1trico \u2265 10kg ajustado por<br \/>\npar\u00e1metros.<\/span><\/td>\n<\/tr>\n<tr>\n<td width=\"200\"><span class=\"fontstyle0\">Control mec\u00e1nico de fluj\u00f3metros, 4 tubos de medici\u00f3n (2 por<br \/>\ncada gas, O2 y N2O; (<\/span><span class=\"fontstyle2\">Opcional: O2 y Aire<\/span><span class=\"fontstyle0\">).<\/span><\/td>\n<\/tr>\n<tr>\n<td width=\"200\"><span class=\"fontstyle0\">Puerto externo de gas fresco.<\/span><\/td>\n<\/tr>\n<tr>\n<td width=\"200\"><span class=\"fontstyle0\">Suministro de gases: O2 y N2O; (<\/span><span class=\"fontstyle2\">Opcional: O2 y Aire<\/span><span class=\"fontstyle0\">), m\u00e1s<br \/>\nuna (1) entrada auxiliar de ox\u00edgeno.<\/span><\/td>\n<\/tr>\n<tr>\n<td width=\"200\"><span class=\"fontstyle0\">Modos Ventilatorios: A\/C, SIMV y Manual.<\/span><\/td>\n<\/tr>\n<tr>\n<td width=\"200\"><span class=\"fontstyle0\">Control mec\u00e1nico de Flush O2.<\/span><\/td>\n<\/tr>\n<tr>\n<td width=\"200\"><span class=\"fontstyle0\">Volumen tidal 20 &#8211; 1500 ml.<\/span><\/td>\n<\/tr>\n<tr>\n<td width=\"200\"><span class=\"fontstyle0\">Control de par\u00e1metros Ventilatorios y gr\u00e1fica pulmonar de 2<br \/>\nformas de onda.<\/span><\/td>\n<\/tr>\n<tr>\n<td width=\"200\"><span class=\"fontstyle0\">V\u00e1lvula PEEP electr\u00f3nica incorporada.<\/span><\/td>\n<\/tr>\n<tr>\n<td width=\"200\"><span class=\"fontstyle0\">Iluminaci\u00f3n \u00e1rea de trabajo, 1 cajon de almacenamiento, 4<br \/>\nruedas (diametro 100 mm) con sistema de bloqueo en las 2<br \/>\nruedas delanteras.<\/span><\/td>\n<\/tr>\n<tr>\n<td width=\"200\"><span class=\"fontstyle0\">Los par\u00e1metros o l\u00edmites de alarma se ajustan seleccionando<br \/>\nen la pantalla t\u00e1ctil o en los botones de membrana; el<br \/>\nvolumen se ajusta con la perilla y los par\u00e1metros con los<br \/>\nbotones de membrana.<\/span><\/td>\n<\/tr>\n<tr>\n<td width=\"200\"><span class=\"fontstyle0\">Bater\u00eda de Litio integrada (bater\u00eda de 5200 mAh).<\/span><\/td>\n<\/tr>\n<\/tbody>\n<\/table>\n<p>&nbsp;<\/p>\n","protected":false},"featured_media":423,"comment_status":"open","ping_status":"closed","template":"","meta":{"om_disable_all_campaigns":false,"_monsterinsights_skip_tracking":false,"_monsterinsights_sitenote_active":false,"_monsterinsights_sitenote_note":"","_monsterinsights_sitenote_category":0},"product_cat":[21],"product_tag":[],"class_list":["post-422","product","type-product","status-publish","has-post-thumbnail","hentry","product_cat-equipos-medicos","align-left","box-shadow-2","box-shadow-4-hover","ast-product-gallery-layout-horizontal","ast-product-gallery-with-no-image","ast-product-tabs-layout-horizontal"],"_links":{"self":[{"href":"https:\/\/gmedicalsas.co\/index.php\/wp-json\/wp\/v2\/product\/422"}],"collection":[{"href":"https:\/\/gmedicalsas.co\/index.php\/wp-json\/wp\/v2\/product"}],"about":[{"href":"https:\/\/gmedicalsas.co\/index.php\/wp-json\/wp\/v2\/types\/product"}],"replies":[{"embeddable":true,"href":"https:\/\/gmedicalsas.co\/index.php\/wp-json\/wp\/v2\/comments?post=422"}],"wp:featuredmedia":[{"embeddable":true,"href":"https:\/\/gmedicalsas.co\/index.php\/wp-json\/wp\/v2\/media\/423"}],"wp:attachment":[{"href":"https:\/\/gmedicalsas.co\/index.php\/wp-json\/wp\/v2\/media?parent=422"}],"wp:term":[{"taxonomy":"product_cat","embeddable":true,"href":"https:\/\/gmedicalsas.co\/index.php\/wp-json\/wp\/v2\/product_cat?post=422"},{"taxonomy":"product_tag","embeddable":true,"href":"https:\/\/gmedicalsas.co\/index.php\/wp-json\/wp\/v2\/product_tag?post=422"}],"curies":[{"name":"wp","href":"https:\/\/api.w.org\/{rel}","templated":true}]}}