{"id":403,"date":"2022-04-08T20:32:42","date_gmt":"2022-04-08T20:32:42","guid":{"rendered":"https:\/\/gmedicalsas.co\/?post_type=product&#038;p=403"},"modified":"2024-11-11T02:46:26","modified_gmt":"2024-11-11T02:46:26","slug":"cortinas-hospitalarias-y-de-consultorio-medico","status":"publish","type":"product","link":"https:\/\/gmedicalsas.co\/index.php\/producto\/cortinas-hospitalarias-y-de-consultorio-medico\/","title":{"rendered":"Cortinas hospitalarias y de consultorio medico"},"content":{"rendered":"<p>ORTINAS HOSPITALARIAS ANTIFLUIDOS.<\/p>\n<p>CORTINA HOSPITALARIA, DISE\u00d1ADA SEG\u00daN LAS NORMAS DE LA SECRETARIA DE SALUD.<\/p>\n<p>CONSISTE EN RIEL DE ALTO TRAFICO, RODA CHINES PL\u00c1STICOS, SOPORTES A TECHO, TOPES DE RIEL, Y CORTINA ANTI FLUIDOS CON MALLA DE AIREACI\u00d3N.<\/p>\n<p>COLORES: LA MALLA ES BLANCA, Y LA CORTINA ES EN COLOR AZUL REY, VERDE QUIR\u00daRGICO.<\/p>\n","protected":false},"excerpt":{"rendered":"<p>ORTINAS HOSPITALARIAS ANTIFLUIDOS. CORTINA HOSPITALARIA, DISE\u00d1ADA SEG\u00daN LAS NORMAS DE LA SECRETARIA DE SALUD. CONSISTE EN RIEL DE ALTO TRAFICO, RODA CHINES PL\u00c1STICOS, SOPORTES A TECHO, TOPES DE RIEL, Y CORTINA ANTI FLUIDOS CON MALLA DE AIREACI\u00d3N. COLORES: LA MALLA ES BLANCA, Y LA CORTINA ES EN COLOR AZUL REY, VERDE QUIR\u00daRGICO.<\/p>\n","protected":false},"featured_media":404,"comment_status":"open","ping_status":"closed","template":"","meta":{"om_disable_all_campaigns":false,"_monsterinsights_skip_tracking":false,"_monsterinsights_sitenote_active":false,"_monsterinsights_sitenote_note":"","_monsterinsights_sitenote_category":0},"product_cat":[25],"product_tag":[],"class_list":["post-403","product","type-product","status-publish","has-post-thumbnail","hentry","product_cat-dotacion-hospitalaria","align-left","box-shadow-2","box-shadow-4-hover","ast-product-gallery-layout-horizontal","ast-product-gallery-with-no-image","ast-product-tabs-layout-horizontal"],"_links":{"self":[{"href":"https:\/\/gmedicalsas.co\/index.php\/wp-json\/wp\/v2\/product\/403"}],"collection":[{"href":"https:\/\/gmedicalsas.co\/index.php\/wp-json\/wp\/v2\/product"}],"about":[{"href":"https:\/\/gmedicalsas.co\/index.php\/wp-json\/wp\/v2\/types\/product"}],"replies":[{"embeddable":true,"href":"https:\/\/gmedicalsas.co\/index.php\/wp-json\/wp\/v2\/comments?post=403"}],"wp:featuredmedia":[{"embeddable":true,"href":"https:\/\/gmedicalsas.co\/index.php\/wp-json\/wp\/v2\/media\/404"}],"wp:attachment":[{"href":"https:\/\/gmedicalsas.co\/index.php\/wp-json\/wp\/v2\/media?parent=403"}],"wp:term":[{"taxonomy":"product_cat","embeddable":true,"href":"https:\/\/gmedicalsas.co\/index.php\/wp-json\/wp\/v2\/product_cat?post=403"},{"taxonomy":"product_tag","embeddable":true,"href":"https:\/\/gmedicalsas.co\/index.php\/wp-json\/wp\/v2\/product_tag?post=403"}],"curies":[{"name":"wp","href":"https:\/\/api.w.org\/{rel}","templated":true}]}}