{"id":401,"date":"2022-04-08T20:21:09","date_gmt":"2022-04-08T20:21:09","guid":{"rendered":"https:\/\/gmedicalsas.co\/?post_type=product&#038;p=401"},"modified":"2023-02-04T01:53:55","modified_gmt":"2023-02-04T01:53:55","slug":"colchoneta-para-camilla-de-transporte","status":"publish","type":"product","link":"https:\/\/gmedicalsas.co\/index.php\/producto\/colchoneta-para-camilla-de-transporte\/","title":{"rendered":"colchoneta para camilla de transporte"},"content":{"rendered":"<p>COLCHONETA DE ALTA DENSIDAD, TAPIZADO CORDOB\u00c1N NEGRO DE ALTA RESISTENCIA A SOLVENTES Y DESINFECTANTES, DISE\u00d1ADA PARA CAMILLAS DE TRANSPORTE Y RECUPERACI\u00d3N, FABRICAMOS COLCHONETA PARA USO MEDICO A MEDIDA DE LA NECESIDAD.<br \/>\nMEDIDAS 1,90 X 70 CMSX 10 CMS.<\/p>\n<p>SOMOS FABRICA, !!<\/p>\n","protected":false},"excerpt":{"rendered":"<p>COLCHONETA DE ALTA DENSIDAD, TAPIZADO CORDOB\u00c1N NEGRO DE ALTA RESISTENCIA A SOLVENTES Y DESINFECTANTES, DISE\u00d1ADA PARA CAMILLAS DE TRANSPORTE Y RECUPERACI\u00d3N, FABRICAMOS COLCHONETA PARA USO MEDICO A MEDIDA DE LA NECESIDAD. MEDIDAS 1,90 X 70 CMSX 10 CMS. SOMOS FABRICA, !!<\/p>\n","protected":false},"featured_media":402,"comment_status":"open","ping_status":"closed","template":"","meta":{"om_disable_all_campaigns":false,"_monsterinsights_skip_tracking":false,"_monsterinsights_sitenote_active":false,"_monsterinsights_sitenote_note":"","_monsterinsights_sitenote_category":0},"product_cat":[25],"product_tag":[],"class_list":["post-401","product","type-product","status-publish","has-post-thumbnail","hentry","product_cat-dotacion-hospitalaria","align-left","box-shadow-2","box-shadow-4-hover","ast-product-gallery-layout-horizontal","ast-product-gallery-with-no-image","ast-product-tabs-layout-horizontal"],"_links":{"self":[{"href":"https:\/\/gmedicalsas.co\/index.php\/wp-json\/wp\/v2\/product\/401"}],"collection":[{"href":"https:\/\/gmedicalsas.co\/index.php\/wp-json\/wp\/v2\/product"}],"about":[{"href":"https:\/\/gmedicalsas.co\/index.php\/wp-json\/wp\/v2\/types\/product"}],"replies":[{"embeddable":true,"href":"https:\/\/gmedicalsas.co\/index.php\/wp-json\/wp\/v2\/comments?post=401"}],"wp:featuredmedia":[{"embeddable":true,"href":"https:\/\/gmedicalsas.co\/index.php\/wp-json\/wp\/v2\/media\/402"}],"wp:attachment":[{"href":"https:\/\/gmedicalsas.co\/index.php\/wp-json\/wp\/v2\/media?parent=401"}],"wp:term":[{"taxonomy":"product_cat","embeddable":true,"href":"https:\/\/gmedicalsas.co\/index.php\/wp-json\/wp\/v2\/product_cat?post=401"},{"taxonomy":"product_tag","embeddable":true,"href":"https:\/\/gmedicalsas.co\/index.php\/wp-json\/wp\/v2\/product_tag?post=401"}],"curies":[{"name":"wp","href":"https:\/\/api.w.org\/{rel}","templated":true}]}}