{"id":393,"date":"2022-04-01T21:57:15","date_gmt":"2022-04-01T21:57:15","guid":{"rendered":"https:\/\/gmedicalsas.co\/?post_type=product&#038;p=393"},"modified":"2022-04-01T21:57:15","modified_gmt":"2022-04-01T21:57:15","slug":"tensiometro-aneroide-modelo-de-pared","status":"publish","type":"product","link":"https:\/\/gmedicalsas.co\/index.php\/producto\/tensiometro-aneroide-modelo-de-pared\/","title":{"rendered":"TENSIOMETRO ANEROIDE, MODELO DE PARED"},"content":{"rendered":"<p><strong>TENSIOMETRO ANEROIDE, MODELO DE PARED REF: 7670-01<\/strong><strong> MARCA: WELCHALLYN AMERICANO<\/strong><\/p>\n<ul>\n<li>C ar\u00e1tula c\u00f3ncava, grab ada con l\u00e1ser y con puntero de alto contraste que ofrece<\/li>\n<\/ul>\n<p>una precisi\u00f3n certificada para reducir los errores y mejorar la atenci\u00f3n al paciente.<\/p>\n<p>&nbsp;<\/p>\n<p><strong><u>COMPUES TO DE<\/u>:<\/strong><\/p>\n<ul>\n<li>B RA ZA LETE PA RA A DULTOS FLEXIPORT N\u00ba 11<\/li>\n<li>PERA INSUFLA DORA C ON VA LVULA<\/li>\n<li>TUB O ROSC A DO<\/li>\n<li>POSEE UN B ISEL Y UNA ESTRUC TURA A LTA MENTE RESISTENTE A LOS IMPA C TOS,QUE PROTEG E EL MEC A NISMO Y EL C RISTA<\/li>\n<li>C ON C OMPA RTIMIENTO QUE NO S PERMITE G UA RDA R EL B RA ZA LETE<\/li>\n<li>G A RA NTIA UN A \u00d1O<\/li>\n<\/ul>\n","protected":false},"excerpt":{"rendered":"<p>TENSIOMETRO ANEROIDE, MODELO DE PARED REF: 7670-01 MARCA: WELCHALLYN AMERICANO C ar\u00e1tula c\u00f3ncava, grab ada con l\u00e1ser y con puntero de alto contraste que ofrece una precisi\u00f3n certificada para reducir los errores y mejorar la atenci\u00f3n al paciente. &nbsp; COMPUES TO DE: B RA ZA LETE PA RA A DULTOS FLEXIPORT N\u00ba 11 PERA INSUFLA &hellip;<\/p>\n<p class=\"read-more\"> <a class=\"\" href=\"https:\/\/gmedicalsas.co\/index.php\/producto\/tensiometro-aneroide-modelo-de-pared\/\"> <span class=\"screen-reader-text\">TENSIOMETRO ANEROIDE, MODELO DE PARED<\/span> Read More \u00bb<\/a><\/p>\n","protected":false},"featured_media":394,"comment_status":"open","ping_status":"closed","template":"","meta":{"om_disable_all_campaigns":false,"_monsterinsights_skip_tracking":false,"_monsterinsights_sitenote_active":false,"_monsterinsights_sitenote_note":"","_monsterinsights_sitenote_category":0},"product_cat":[21],"product_tag":[],"class_list":["post-393","product","type-product","status-publish","has-post-thumbnail","hentry","product_cat-equipos-medicos","align-left","box-shadow-2","box-shadow-4-hover","ast-product-gallery-layout-horizontal","ast-product-gallery-with-no-image","ast-product-tabs-layout-horizontal"],"_links":{"self":[{"href":"https:\/\/gmedicalsas.co\/index.php\/wp-json\/wp\/v2\/product\/393"}],"collection":[{"href":"https:\/\/gmedicalsas.co\/index.php\/wp-json\/wp\/v2\/product"}],"about":[{"href":"https:\/\/gmedicalsas.co\/index.php\/wp-json\/wp\/v2\/types\/product"}],"replies":[{"embeddable":true,"href":"https:\/\/gmedicalsas.co\/index.php\/wp-json\/wp\/v2\/comments?post=393"}],"wp:featuredmedia":[{"embeddable":true,"href":"https:\/\/gmedicalsas.co\/index.php\/wp-json\/wp\/v2\/media\/394"}],"wp:attachment":[{"href":"https:\/\/gmedicalsas.co\/index.php\/wp-json\/wp\/v2\/media?parent=393"}],"wp:term":[{"taxonomy":"product_cat","embeddable":true,"href":"https:\/\/gmedicalsas.co\/index.php\/wp-json\/wp\/v2\/product_cat?post=393"},{"taxonomy":"product_tag","embeddable":true,"href":"https:\/\/gmedicalsas.co\/index.php\/wp-json\/wp\/v2\/product_tag?post=393"}],"curies":[{"name":"wp","href":"https:\/\/api.w.org\/{rel}","templated":true}]}}