{"id":370,"date":"2022-04-01T20:47:48","date_gmt":"2022-04-01T20:47:48","guid":{"rendered":"https:\/\/gmedicalsas.co\/?post_type=product&#038;p=370"},"modified":"2022-04-01T20:47:48","modified_gmt":"2022-04-01T20:47:48","slug":"tallimetro-mecanico-ref-3phtrod-wm-marca-detecto-americano","status":"publish","type":"product","link":"https:\/\/gmedicalsas.co\/index.php\/producto\/tallimetro-mecanico-ref-3phtrod-wm-marca-detecto-americano\/","title":{"rendered":"TALLIMETRO MECANICO REF: 3PHTROD-WM  MARCA DETECTO AMERICANO"},"content":{"rendered":"<p><strong>TALLIMETRO MECANICO<\/strong> <strong>REF: 3PHTROD-WM MARCA DETECTO AMERICANO<\/strong><strong>\u00a0\u00a0\u00a0 \u00a0<\/strong>El estad\u00edmetro mec\u00e1nico modelo MHR-50200, es un dispositivo para la toma de la altura en pacientes adultos y ni\u00f1os. El estadimetro esta dise\u00f1ado para que pueda \u00a0\u00a0\u00a0\u00a0\u00a0\u00a0\u00a0\u00a0\u00a0ser instalado en la pared de un consultorio o para la medici\u00f3n de la altura del \u00a0\u00a0\u00a0\u00a0\u00a0\u00a0\u00a0\u00a0paciente en cualquier sitio, su dise\u00f1o m\u00f3vil y port\u00e1til resulta muy \u00fatil para las \u00a0\u00a0\u00a0\u00a0\u00a0\u00a0\u00a0\u00a0\u00a0\u00a0visitas a domicilio. Solo deslice la b arra a la altura del paciente ajuste el tope<\/p>\n<p>sob re la cab eza y lea el resultado.<\/p>\n<p>&nbsp;<\/p>\n<p><strong>CARACTERISTICAS<\/strong><\/p>\n<ul>\n<li>Realizado con la Tecnolog\u00eda C NC B rake<\/li>\n<li>Fab ricado en acero: b arra de medici\u00f3n en calib re 18; tope o leng\u00fceta calib re<\/li>\n<li>A cab ado con pintura en polvo h\u00edb rida de 2ml color negro mate (aprob ado por<\/li>\n<\/ul>\n<p>la FDA ), secado en horno para larga duraci\u00f3n de protecci\u00f3n anticorrosiva.<\/p>\n<ul>\n<li>Dise\u00f1o telesc\u00f3pico.<\/li>\n<li>Escala impresa en color b lanco en cent\u00edmetros y De forma fija y vertical.<\/li>\n<li>Sistema de sujeci\u00f3n a la pared por separador o Distancia del muro al<\/li>\n<\/ul>\n<p>estadimetro de 4. 5 cm. Incluye kit de instalaci\u00f3n y herramienta.<\/p>\n<ul>\n<li>Lectura anal\u00f3gica.<\/li>\n<li>Dimensiones: total de la b arra extendida 40 x 2, 010 x 65 mm.<\/li>\n<li>Dimensiones: de la b arra sin extender 40 x 1, 040 x 65<\/li>\n<\/ul>\n<p>&nbsp;<\/p>\n","protected":false},"excerpt":{"rendered":"<p>TALLIMETRO MECANICO REF: 3PHTROD-WM MARCA DETECTO AMERICANO<\/p>\n","protected":false},"featured_media":371,"comment_status":"open","ping_status":"closed","template":"","meta":{"om_disable_all_campaigns":false,"_monsterinsights_skip_tracking":false,"_monsterinsights_sitenote_active":false,"_monsterinsights_sitenote_note":"","_monsterinsights_sitenote_category":0},"product_cat":[21],"product_tag":[],"class_list":["post-370","product","type-product","status-publish","has-post-thumbnail","hentry","product_cat-equipos-medicos","align-left","box-shadow-2","box-shadow-4-hover","ast-product-gallery-layout-horizontal","ast-product-gallery-with-no-image","ast-product-tabs-layout-horizontal"],"_links":{"self":[{"href":"https:\/\/gmedicalsas.co\/index.php\/wp-json\/wp\/v2\/product\/370"}],"collection":[{"href":"https:\/\/gmedicalsas.co\/index.php\/wp-json\/wp\/v2\/product"}],"about":[{"href":"https:\/\/gmedicalsas.co\/index.php\/wp-json\/wp\/v2\/types\/product"}],"replies":[{"embeddable":true,"href":"https:\/\/gmedicalsas.co\/index.php\/wp-json\/wp\/v2\/comments?post=370"}],"wp:featuredmedia":[{"embeddable":true,"href":"https:\/\/gmedicalsas.co\/index.php\/wp-json\/wp\/v2\/media\/371"}],"wp:attachment":[{"href":"https:\/\/gmedicalsas.co\/index.php\/wp-json\/wp\/v2\/media?parent=370"}],"wp:term":[{"taxonomy":"product_cat","embeddable":true,"href":"https:\/\/gmedicalsas.co\/index.php\/wp-json\/wp\/v2\/product_cat?post=370"},{"taxonomy":"product_tag","embeddable":true,"href":"https:\/\/gmedicalsas.co\/index.php\/wp-json\/wp\/v2\/product_tag?post=370"}],"curies":[{"name":"wp","href":"https:\/\/api.w.org\/{rel}","templated":true}]}}