{"id":368,"date":"2022-04-01T20:43:55","date_gmt":"2022-04-01T20:43:55","guid":{"rendered":"https:\/\/gmedicalsas.co\/?post_type=product&#038;p=368"},"modified":"2022-04-01T20:43:55","modified_gmt":"2022-04-01T20:43:55","slug":"infantometro-mecanico-ref-mlm-marca-detecto-americano","status":"publish","type":"product","link":"https:\/\/gmedicalsas.co\/index.php\/producto\/infantometro-mecanico-ref-mlm-marca-detecto-americano\/","title":{"rendered":"INFANTOMETRO MECANICO REF: MLM  MARCA DETECTO AMERICANO"},"content":{"rendered":"<p><strong>INFANTOMETRO<\/strong> <strong>MECANICO<\/strong> <strong>REF: MLM MARCA DETECTO AMERICANO<\/strong><\/p>\n<p>El modelo de MLM es un dispositivo port\u00e1til y duradero de medici\u00f3n de longitud \u00a0\u00a0que garantiza a\u00f1os de funcionamiento sin prob lemas y no requiere electricidad \u00a0\u00a0\u00a0\u00a0para funcionar. Este puede ser utilizado no s\u00f3lo con los b eb \u00e9s, sino tamb i\u00e9n \u00a0\u00a0\u00a0\u00a0\u00a0ni\u00f1os de hasta dos a\u00f1os. El control deslizante port\u00e1til cuenta con b ordes<\/p>\n<p>suaves ergon\u00f3micos para proteger a los pacientes j\u00f3venes de da\u00f1os innecesarios y maximizar la comodidad del paciente durante la medici\u00f3n.<\/p>\n<p>&nbsp;<\/p>\n<p>El color crema claro es neutral esto permite un de alto contraste facilitando las lecturas.\u00a0 Las pinzas del infantometro port\u00e1til pliegan convenientemente<\/p>\n<p>facilitando asi el transporte o el almacenamiento.<\/p>\n<p>&nbsp;<\/p>\n","protected":false},"excerpt":{"rendered":"<p>INFANTOMETRO MECANICO REF: MLM MARCA DETECTO AMERICANO<\/p>\n","protected":false},"featured_media":369,"comment_status":"open","ping_status":"closed","template":"","meta":{"om_disable_all_campaigns":false,"_monsterinsights_skip_tracking":false,"_monsterinsights_sitenote_active":false,"_monsterinsights_sitenote_note":"","_monsterinsights_sitenote_category":0},"product_cat":[21],"product_tag":[],"class_list":["post-368","product","type-product","status-publish","has-post-thumbnail","hentry","product_cat-equipos-medicos","align-left","box-shadow-2","box-shadow-4-hover","ast-product-gallery-layout-horizontal","ast-product-gallery-with-no-image","ast-product-tabs-layout-horizontal"],"_links":{"self":[{"href":"https:\/\/gmedicalsas.co\/index.php\/wp-json\/wp\/v2\/product\/368"}],"collection":[{"href":"https:\/\/gmedicalsas.co\/index.php\/wp-json\/wp\/v2\/product"}],"about":[{"href":"https:\/\/gmedicalsas.co\/index.php\/wp-json\/wp\/v2\/types\/product"}],"replies":[{"embeddable":true,"href":"https:\/\/gmedicalsas.co\/index.php\/wp-json\/wp\/v2\/comments?post=368"}],"wp:featuredmedia":[{"embeddable":true,"href":"https:\/\/gmedicalsas.co\/index.php\/wp-json\/wp\/v2\/media\/369"}],"wp:attachment":[{"href":"https:\/\/gmedicalsas.co\/index.php\/wp-json\/wp\/v2\/media?parent=368"}],"wp:term":[{"taxonomy":"product_cat","embeddable":true,"href":"https:\/\/gmedicalsas.co\/index.php\/wp-json\/wp\/v2\/product_cat?post=368"},{"taxonomy":"product_tag","embeddable":true,"href":"https:\/\/gmedicalsas.co\/index.php\/wp-json\/wp\/v2\/product_tag?post=368"}],"curies":[{"name":"wp","href":"https:\/\/api.w.org\/{rel}","templated":true}]}}