{"id":362,"date":"2022-04-01T20:30:30","date_gmt":"2022-04-01T20:30:30","guid":{"rendered":"https:\/\/gmedicalsas.co\/?post_type=product&#038;p=362"},"modified":"2022-04-01T20:30:30","modified_gmt":"2022-04-01T20:30:30","slug":"bascula-pediatrica-digital-con-bandeja-de-pesaje-ref-8440","status":"publish","type":"product","link":"https:\/\/gmedicalsas.co\/index.php\/producto\/bascula-pediatrica-digital-con-bandeja-de-pesaje-ref-8440\/","title":{"rendered":"BASCULA PEDIATRICA DIGITAL CON BANDEJA DE PESAJE REF: 8440"},"content":{"rendered":"<p><strong>BASCULA<\/strong> <strong>PEDIATRICA<\/strong><strong> DIGITAL CON BANDEJA DE PESAJE REF: 8440<\/strong><\/p>\n<p><strong>MARCA DETECTO AMERICANA<\/strong><\/p>\n<p>&nbsp;<\/p>\n<p><strong>Proporciona<\/strong> <strong>una<\/strong> <strong>forma<\/strong> <strong>precisa<\/strong> <strong>y segura de pesaje de beb\u00e9s y ni\u00f1os peque\u00f1os,<\/strong><\/p>\n<p><strong>es<\/strong> <strong>ideal<\/strong><strong> para cl\u00ednicas y hospitales. La bandeja de pesaje puede ser removida para<\/strong><\/p>\n<p>&nbsp;<\/p>\n<p>&nbsp;<\/p>\n<ul>\n<li><strong>La<\/strong> <strong>bandeja<\/strong> <strong>se pliega<\/strong> <strong>para facilitar el transporte y permitir el pesaje del ni\u00f1o de <\/strong><\/li>\n<li><strong>Almacenamiento<\/strong><strong> del peso anterior en la memoria de recuperaci\u00f3n<\/strong><\/li>\n<li><strong>C\u00e1lculo del cambio en el peso<\/strong><\/li>\n<li><strong>Indicador<\/strong> <strong>de bater\u00eda<\/strong> <strong>baja<\/strong><\/li>\n<\/ul>\n<p>&nbsp;<\/p>\n<p><strong><em><u>CARACTERISTICAS<\/u><\/em><\/strong><strong><em>:<\/em><\/strong><\/p>\n<ul>\n<li>C A PA C IDA D : 20 KILOS X 0, 01 Kg 44 LIB RA S X 0, 02Lb<\/li>\n<\/ul>\n<p>&nbsp;<\/p>\n<p>&nbsp;<\/p>\n<p>&nbsp;<\/p>\n<ul>\n<li>PA NTA LLA : TIPO LC D DE 25 MM DE A LTO<\/li>\n<li>B A ND EJA REMOVIB LE: 56C MS A ncho X 27, 7C MS Largo X 8, 4C MS A<\/li>\n<li>C OLOR DE LA B A LA NZ A : B LA NC<\/li>\n<\/ul>\n<p>&nbsp;<\/p>\n<p>DE LITIO (incluida) PA RA LA MEMORIA Y (1) C A RG A DOR DE 9V\/100mA .<\/p>\n<ul>\n<li>FUNC ION DEL RELOJ: HORA Y FEC HA .<\/li>\n<li>FUNC ION DE LA MEMORIA : C OMPA RA R EL PESO A C TUA L C ON EL A LMA C ENA<\/li>\n<li>PESO DE TRA NSPO RTE: 8 LIB RA S \/ 3, 6<\/li>\n<\/ul>\n<p>&nbsp;<\/p>\n<p>USO<\/p>\n<p>PA RA NI\u00d1O S REC IEN NA C IDOS HA STA NI\u00d1O S DE 20 KILOS<\/p>\n<p><strong><u>ES TA BA LA NZA PERMITE PES A R A LOS NI\u00d1OS DE PIE Y A COS TA DOS <\/u><\/strong><strong>.<\/strong><\/p>\n","protected":false},"excerpt":{"rendered":"<p>BASCULA PEDIATRICA DIGITAL CON BANDEJA DE PESAJE REF: 8440 MARCA DETECTO AMERICANA &nbsp; Proporciona una forma precisa y segura de pesaje de beb\u00e9s y ni\u00f1os peque\u00f1os, es ideal para cl\u00ednicas y hospitales. La bandeja de pesaje puede ser removida para &nbsp; &nbsp; La bandeja se pliega para facilitar el transporte y permitir el pesaje del &hellip;<\/p>\n<p class=\"read-more\"> <a class=\"\" href=\"https:\/\/gmedicalsas.co\/index.php\/producto\/bascula-pediatrica-digital-con-bandeja-de-pesaje-ref-8440\/\"> <span class=\"screen-reader-text\">BASCULA PEDIATRICA DIGITAL CON BANDEJA DE PESAJE REF: 8440<\/span> Read More \u00bb<\/a><\/p>\n","protected":false},"featured_media":363,"comment_status":"open","ping_status":"closed","template":"","meta":{"om_disable_all_campaigns":false,"_monsterinsights_skip_tracking":false,"_monsterinsights_sitenote_active":false,"_monsterinsights_sitenote_note":"","_monsterinsights_sitenote_category":0},"product_cat":[21],"product_tag":[],"class_list":["post-362","product","type-product","status-publish","has-post-thumbnail","hentry","product_cat-equipos-medicos","align-left","box-shadow-2","box-shadow-4-hover","ast-product-gallery-layout-horizontal","ast-product-gallery-with-no-image","ast-product-tabs-layout-horizontal"],"_links":{"self":[{"href":"https:\/\/gmedicalsas.co\/index.php\/wp-json\/wp\/v2\/product\/362"}],"collection":[{"href":"https:\/\/gmedicalsas.co\/index.php\/wp-json\/wp\/v2\/product"}],"about":[{"href":"https:\/\/gmedicalsas.co\/index.php\/wp-json\/wp\/v2\/types\/product"}],"replies":[{"embeddable":true,"href":"https:\/\/gmedicalsas.co\/index.php\/wp-json\/wp\/v2\/comments?post=362"}],"wp:featuredmedia":[{"embeddable":true,"href":"https:\/\/gmedicalsas.co\/index.php\/wp-json\/wp\/v2\/media\/363"}],"wp:attachment":[{"href":"https:\/\/gmedicalsas.co\/index.php\/wp-json\/wp\/v2\/media?parent=362"}],"wp:term":[{"taxonomy":"product_cat","embeddable":true,"href":"https:\/\/gmedicalsas.co\/index.php\/wp-json\/wp\/v2\/product_cat?post=362"},{"taxonomy":"product_tag","embeddable":true,"href":"https:\/\/gmedicalsas.co\/index.php\/wp-json\/wp\/v2\/product_tag?post=362"}],"curies":[{"name":"wp","href":"https:\/\/api.w.org\/{rel}","templated":true}]}}