{"id":360,"date":"2022-04-01T20:26:36","date_gmt":"2022-04-01T20:26:36","guid":{"rendered":"https:\/\/gmedicalsas.co\/?post_type=product&#038;p=360"},"modified":"2022-04-01T20:26:36","modified_gmt":"2022-04-01T20:26:36","slug":"balanza-mecanica-pediatrica-con-bandeja-ref-451","status":"publish","type":"product","link":"https:\/\/gmedicalsas.co\/index.php\/producto\/balanza-mecanica-pediatrica-con-bandeja-ref-451\/","title":{"rendered":"BALANZA MECANICA PEDIATRICA CON BANDEJA REF: 451"},"content":{"rendered":"<p><strong>BALANZA MECANICA PEDIATRICA CON BANDEJA REF: 451<\/strong><\/p>\n<p><strong>MARCA DETECTO AMERICANA<\/strong><\/p>\n<p><strong>Las <\/strong><strong>balanzas mec\u00e1nicas pedi\u00e1tricas cuentan con una larga vida \u00fatil dada su construccion<\/strong><strong> \u00a0\u00a0\u00a0\u00a0\u00a0\u00a0<\/strong><strong>y alta precisi\u00f3n. Est\u00e1n disponibles en capacidades de hasta 65 Kg (130 lb), la lectura es<\/strong><strong> \u00a0\u00a0\u00a0<\/strong><strong>posible<\/strong> <strong>en<\/strong><strong> libras, kilogramos o ambos.<\/strong><\/p>\n<p><strong>No<\/strong> <strong>requiere electricidad,<\/strong> <strong>por<\/strong> <strong>lo que facilita su uso.<\/strong><\/p>\n<p><strong>La<\/strong> <strong>bandeja<\/strong> <strong>de<\/strong> <strong>polietileno<\/strong> <strong>de <\/strong><strong>f\u00e1cil limpieza, le proporciona seguridad al paciente, acunan<\/strong><strong> \u00a0\u00a0\u00a0\u00a0\u00a0\u00a0\u00a0<\/strong><strong>a los bebes de manera segura.<\/strong><\/p>\n<p><strong>La<\/strong> <strong>base de<\/strong> <strong>acero de alta resistencia ofrece confiabilidad en el peso.<\/strong><\/p>\n<p><strong>Cuenta<\/strong> <strong>con una cinta de medici\u00f3n que permite al usuario medir y pesar al paciente al<\/strong><\/p>\n<p><strong>El brazo mec\u00e1nico se encuentra ubicado a una altura determinada para visualizar f\u00e1cilmente<\/strong><strong> \u00a0\u00a0\u00a0\u00a0\u00a0\u00a0<\/strong><strong>La<\/strong> <strong>pintura<\/strong> <strong>de polvo<\/strong><strong> al horno ofrece un acabado fiable y duradero.<\/strong><\/p>\n<p><strong><em><u>CARACTERISTICAS<\/u><\/em><\/strong><strong><em>:<\/em><\/strong><\/p>\n<ul>\n<li>C A PA C IDA D : 65 KILOS X 20 G RA MOS<\/li>\n<li>DIMENC IO NES: 69 C MS DE alto X 56 C MS DE ancho X 53 cms DE<\/li>\n<li>DIMENSIO NES DE LA B A ND EJA : 11 C MS DE alto X 56 C MS DE ancho X 37 cms DE<\/li>\n<li>C O NSTRUC C ION B A SE Y C OLUMNA : A C ERO C ON PINTURA B LA NC A HORNEA DA<\/li>\n<li>C O NSTRUC C ION DE LA B A ND EJA : POLIETILENO B LA NC<\/li>\n<li>ESTA N DISE\u00d1A DA S PENSA ND O EN EL B EB E A C TIVO<\/li>\n<li>C INTA DE MEDIC IO N: DEDIDA S HA STA 53 C MS O 22&#8243;.<\/li>\n<li>C OLOR B LA NC<\/li>\n<\/ul>\n","protected":false},"excerpt":{"rendered":"<p>BALANZA MECANICA PEDIATRICA CON BANDEJA<\/p>\n","protected":false},"featured_media":361,"comment_status":"open","ping_status":"closed","template":"","meta":{"om_disable_all_campaigns":false,"_monsterinsights_skip_tracking":false,"_monsterinsights_sitenote_active":false,"_monsterinsights_sitenote_note":"","_monsterinsights_sitenote_category":0},"product_cat":[21],"product_tag":[],"class_list":["post-360","product","type-product","status-publish","has-post-thumbnail","hentry","product_cat-equipos-medicos","align-left","box-shadow-2","box-shadow-4-hover","ast-product-gallery-layout-horizontal","ast-product-gallery-with-no-image","ast-product-tabs-layout-horizontal"],"_links":{"self":[{"href":"https:\/\/gmedicalsas.co\/index.php\/wp-json\/wp\/v2\/product\/360"}],"collection":[{"href":"https:\/\/gmedicalsas.co\/index.php\/wp-json\/wp\/v2\/product"}],"about":[{"href":"https:\/\/gmedicalsas.co\/index.php\/wp-json\/wp\/v2\/types\/product"}],"replies":[{"embeddable":true,"href":"https:\/\/gmedicalsas.co\/index.php\/wp-json\/wp\/v2\/comments?post=360"}],"wp:featuredmedia":[{"embeddable":true,"href":"https:\/\/gmedicalsas.co\/index.php\/wp-json\/wp\/v2\/media\/361"}],"wp:attachment":[{"href":"https:\/\/gmedicalsas.co\/index.php\/wp-json\/wp\/v2\/media?parent=360"}],"wp:term":[{"taxonomy":"product_cat","embeddable":true,"href":"https:\/\/gmedicalsas.co\/index.php\/wp-json\/wp\/v2\/product_cat?post=360"},{"taxonomy":"product_tag","embeddable":true,"href":"https:\/\/gmedicalsas.co\/index.php\/wp-json\/wp\/v2\/product_tag?post=360"}],"curies":[{"name":"wp","href":"https:\/\/api.w.org\/{rel}","templated":true}]}}