{"id":138,"date":"2021-09-30T16:14:23","date_gmt":"2021-09-30T16:14:23","guid":{"rendered":"http:\/\/gmedicalsas.co\/?post_type=product&#038;p=138"},"modified":"2021-09-30T16:14:23","modified_gmt":"2021-09-30T16:14:23","slug":"cateter-angiocath-bd","status":"publish","type":"product","link":"https:\/\/gmedicalsas.co\/index.php\/producto\/cateter-angiocath-bd\/","title":{"rendered":"cateter angiocath bd"},"content":{"rendered":"<h4>cateter angiocath bd<\/h4>\n<p>&nbsp;<\/p>\n<p>Cat\u00e9ter perif\u00e9rico, dise\u00f1ado en Politetrafluoretileno (FEP). Cat\u00e9ter unido a un pabell\u00f3n, dise\u00f1ado para colocaci\u00f3n en venas perif\u00e9ricas (manos y brazos preferiblemente) con el objetivo de administrar al sistema circulatorio, l\u00edquidos, f\u00e1rmacos, sangre y\/o sus derivados<\/p>\n","protected":false},"excerpt":{"rendered":"<p id=\"product_condition\"><label>Condition:<\/label>\u00a0<span class=\"editable\">New product<\/span><\/p>\n<div id=\"short_description_block\">\n<div id=\"short_description_content\" class=\"rte align_justify\">\n<h4>cateter angiocath bd<\/h4>\n<p>&nbsp;<\/p>\n<p>Cat\u00e9ter perif\u00e9rico, dise\u00f1ado en Politetrafluoretileno (FEP). Cat\u00e9ter unido a un pabell\u00f3n<\/p>\n<\/div>\n<\/div>\n","protected":false},"featured_media":137,"comment_status":"open","ping_status":"closed","template":"","meta":{"om_disable_all_campaigns":false,"_monsterinsights_skip_tracking":false,"_monsterinsights_sitenote_active":false,"_monsterinsights_sitenote_note":"","_monsterinsights_sitenote_category":0},"product_cat":[24],"product_tag":[],"class_list":["post-138","product","type-product","status-publish","has-post-thumbnail","hentry","product_cat-veterinaria","align-left","box-shadow-2","box-shadow-4-hover","ast-product-gallery-layout-horizontal","ast-product-gallery-with-no-image","ast-product-tabs-layout-horizontal"],"_links":{"self":[{"href":"https:\/\/gmedicalsas.co\/index.php\/wp-json\/wp\/v2\/product\/138"}],"collection":[{"href":"https:\/\/gmedicalsas.co\/index.php\/wp-json\/wp\/v2\/product"}],"about":[{"href":"https:\/\/gmedicalsas.co\/index.php\/wp-json\/wp\/v2\/types\/product"}],"replies":[{"embeddable":true,"href":"https:\/\/gmedicalsas.co\/index.php\/wp-json\/wp\/v2\/comments?post=138"}],"wp:featuredmedia":[{"embeddable":true,"href":"https:\/\/gmedicalsas.co\/index.php\/wp-json\/wp\/v2\/media\/137"}],"wp:attachment":[{"href":"https:\/\/gmedicalsas.co\/index.php\/wp-json\/wp\/v2\/media?parent=138"}],"wp:term":[{"taxonomy":"product_cat","embeddable":true,"href":"https:\/\/gmedicalsas.co\/index.php\/wp-json\/wp\/v2\/product_cat?post=138"},{"taxonomy":"product_tag","embeddable":true,"href":"https:\/\/gmedicalsas.co\/index.php\/wp-json\/wp\/v2\/product_tag?post=138"}],"curies":[{"name":"wp","href":"https:\/\/api.w.org\/{rel}","templated":true}]}}