{"id":135,"date":"2021-09-30T16:13:13","date_gmt":"2021-09-30T16:13:13","guid":{"rendered":"http:\/\/gmedicalsas.co\/?post_type=product&#038;p=135"},"modified":"2021-09-30T16:13:14","modified_gmt":"2021-09-30T16:13:14","slug":"macrogoteo-de-venoclisis-en-camara","status":"publish","type":"product","link":"https:\/\/gmedicalsas.co\/index.php\/producto\/macrogoteo-de-venoclisis-en-camara\/","title":{"rendered":"macrogoteo de venoclisis en camara"},"content":{"rendered":"<p>Equipo para la administraci\u00f3n de soluciones parenterales por v\u00eda intravenosa., Punz\u00f3n conector m\u00e1s funda protectora en ABS, c\u00e1mara de goteo y embudo en PVC Grado M\u00e9dico, filtro en c\u00e1mara en PA, filtro de aire en PA\/PVC, llave de regulaci\u00f3n en PE Grado M\u00e9dico, sitio de inyecci\u00f3n o Y en PVC Grado M\u00e9dico y l\u00e1tex<\/p>\n","protected":false},"excerpt":{"rendered":"<p id=\"product_condition\"><label>Condition:<\/label>\u00a0<span class=\"editable\">New product<\/span><\/p>\n<div id=\"short_description_block\">\n<div id=\"short_description_content\" class=\"rte align_justify\">\n<p>Equipo para la administraci\u00f3n de soluciones parenterales por v\u00eda intravenosa.<\/p>\n<\/div>\n<\/div>\n","protected":false},"featured_media":136,"comment_status":"open","ping_status":"closed","template":"","meta":{"om_disable_all_campaigns":false,"_monsterinsights_skip_tracking":false,"_monsterinsights_sitenote_active":false,"_monsterinsights_sitenote_note":"","_monsterinsights_sitenote_category":0},"product_cat":[24],"product_tag":[],"class_list":["post-135","product","type-product","status-publish","has-post-thumbnail","hentry","product_cat-veterinaria","align-left","box-shadow-2","box-shadow-4-hover","ast-product-gallery-layout-horizontal","ast-product-gallery-with-no-image","ast-product-tabs-layout-horizontal"],"_links":{"self":[{"href":"https:\/\/gmedicalsas.co\/index.php\/wp-json\/wp\/v2\/product\/135"}],"collection":[{"href":"https:\/\/gmedicalsas.co\/index.php\/wp-json\/wp\/v2\/product"}],"about":[{"href":"https:\/\/gmedicalsas.co\/index.php\/wp-json\/wp\/v2\/types\/product"}],"replies":[{"embeddable":true,"href":"https:\/\/gmedicalsas.co\/index.php\/wp-json\/wp\/v2\/comments?post=135"}],"wp:featuredmedia":[{"embeddable":true,"href":"https:\/\/gmedicalsas.co\/index.php\/wp-json\/wp\/v2\/media\/136"}],"wp:attachment":[{"href":"https:\/\/gmedicalsas.co\/index.php\/wp-json\/wp\/v2\/media?parent=135"}],"wp:term":[{"taxonomy":"product_cat","embeddable":true,"href":"https:\/\/gmedicalsas.co\/index.php\/wp-json\/wp\/v2\/product_cat?post=135"},{"taxonomy":"product_tag","embeddable":true,"href":"https:\/\/gmedicalsas.co\/index.php\/wp-json\/wp\/v2\/product_tag?post=135"}],"curies":[{"name":"wp","href":"https:\/\/api.w.org\/{rel}","templated":true}]}}