{"id":127,"date":"2021-09-30T16:08:36","date_gmt":"2021-09-30T16:08:36","guid":{"rendered":"http:\/\/gmedicalsas.co\/?post_type=product&#038;p=127"},"modified":"2021-09-30T16:08:36","modified_gmt":"2021-09-30T16:08:36","slug":"manopla-jabonosa","status":"publish","type":"product","link":"https:\/\/gmedicalsas.co\/index.php\/producto\/manopla-jabonosa\/","title":{"rendered":"manopla jabonosa"},"content":{"rendered":"<p>COMPOSICION: Fibra de poli\u00e9ster 100% fijado por termofusi\u00f3n (Thermobonded) sin incorporaci\u00f3n de productos qu\u00edmicos, libre de formaldeh\u00eddo, urea formol y l\u00e1tex.<\/p>\n<p>USOS: Espec\u00edficamente dise\u00f1ada para la limpieza corporal, esta manopla tiene como principal caracter\u00edstica la aportaci\u00f3n de jab\u00f3n por sus dos caras. Esta caracter\u00edstica hace de Gantnet Plus un producto que aumenta su efectividad y reduce los costes por servicio puesto que con el uso de una sola unidad se puede hacer una limpieza total. Protege e hidrata la piel.<\/p>\n<p>APLICACION:<br \/>\nHumedecer ligeramente la esponja y presionarla hasta obtener abundante espuma. Aplicar directamente sobre la piel o superficie a lavar. Para no mermar las cualidades del producto, no sumerja por completo la esponja en el agua.<br \/>\nUna vez realizado el servicio de lavado, secar sin necesidad de enjuagar. Solo en los casos de uso prolongado (m\u00e1s de 15 d\u00edas consecutivos) es aconsejable aclarar con agua una vez cada 10 o 15 d\u00edas.<br \/>\nCADUCIDAD: Una vez abierta la bolsa 12 meses. Bolsa cerrada: 5 a\u00f1os desde fecha de fabricaci\u00f3n<\/p>\n<p>1 BOLSA CONTIENE 12 UNIDADES<\/p>\n","protected":false},"excerpt":{"rendered":"<p id=\"product_condition\"><label>Condition:<\/label>\u00a0<span class=\"editable\">New product<\/span><\/p>\n<div id=\"short_description_block\">\n<div id=\"short_description_content\" class=\"rte align_justify\">\n<p>Manopla de DOBLE CARA, para la higiene corporal, impregnada con gel dermatol\u00f3gico pH neutro.<br \/>\nMedidas: 22&#215;15 cm.<br \/>\nGramaje: 60 +\/- 5grs\/m2<\/p>\n<\/div>\n<\/div>\n","protected":false},"featured_media":128,"comment_status":"open","ping_status":"closed","template":"","meta":{"om_disable_all_campaigns":false,"_monsterinsights_skip_tracking":false,"_monsterinsights_sitenote_active":false,"_monsterinsights_sitenote_note":"","_monsterinsights_sitenote_category":0},"product_cat":[22],"product_tag":[],"class_list":["post-127","product","type-product","status-publish","has-post-thumbnail","hentry","product_cat-cuidado-en-casa","align-left","box-shadow-2","box-shadow-4-hover","ast-product-gallery-layout-horizontal","ast-product-gallery-with-no-image","ast-product-tabs-layout-horizontal"],"_links":{"self":[{"href":"https:\/\/gmedicalsas.co\/index.php\/wp-json\/wp\/v2\/product\/127"}],"collection":[{"href":"https:\/\/gmedicalsas.co\/index.php\/wp-json\/wp\/v2\/product"}],"about":[{"href":"https:\/\/gmedicalsas.co\/index.php\/wp-json\/wp\/v2\/types\/product"}],"replies":[{"embeddable":true,"href":"https:\/\/gmedicalsas.co\/index.php\/wp-json\/wp\/v2\/comments?post=127"}],"wp:featuredmedia":[{"embeddable":true,"href":"https:\/\/gmedicalsas.co\/index.php\/wp-json\/wp\/v2\/media\/128"}],"wp:attachment":[{"href":"https:\/\/gmedicalsas.co\/index.php\/wp-json\/wp\/v2\/media?parent=127"}],"wp:term":[{"taxonomy":"product_cat","embeddable":true,"href":"https:\/\/gmedicalsas.co\/index.php\/wp-json\/wp\/v2\/product_cat?post=127"},{"taxonomy":"product_tag","embeddable":true,"href":"https:\/\/gmedicalsas.co\/index.php\/wp-json\/wp\/v2\/product_tag?post=127"}],"curies":[{"name":"wp","href":"https:\/\/api.w.org\/{rel}","templated":true}]}}