{"id":126,"date":"2021-09-30T16:06:36","date_gmt":"2021-09-30T16:06:36","guid":{"rendered":"http:\/\/gmedicalsas.co\/?post_type=product&#038;p=126"},"modified":"2021-09-30T16:06:36","modified_gmt":"2021-09-30T16:06:36","slug":"ventilador-evolution-3e","status":"publish","type":"product","link":"https:\/\/gmedicalsas.co\/index.php\/producto\/ventilador-evolution-3e\/","title":{"rendered":"VENTILADOR EVOLUTION 3E"},"content":{"rendered":"<section class=\"tm-tabcontent\">\n<div class=\"tab-content\">\n<p>Ventilaci\u00f3n Invasiva y No Invasiva.<\/p>\n<p>Pantalla T\u00e1ctil de f\u00e1cil manejo.<\/p>\n<\/div>\n<\/section>\n","protected":false},"excerpt":{"rendered":"<p>Ventilaci\u00f3n Invasiva y No Invasiva. Pantalla T\u00e1ctil de f\u00e1cil manejo.<\/p>\n","protected":false},"featured_media":123,"comment_status":"open","ping_status":"closed","template":"","meta":{"om_disable_all_campaigns":false,"_monsterinsights_skip_tracking":false,"_monsterinsights_sitenote_active":false,"_monsterinsights_sitenote_note":"","_monsterinsights_sitenote_category":0},"product_cat":[21],"product_tag":[],"class_list":["post-126","product","type-product","status-publish","has-post-thumbnail","hentry","product_cat-equipos-medicos","align-left","box-shadow-2","box-shadow-4-hover","ast-product-gallery-layout-horizontal","ast-product-gallery-with-no-image","ast-product-tabs-layout-horizontal"],"_links":{"self":[{"href":"https:\/\/gmedicalsas.co\/index.php\/wp-json\/wp\/v2\/product\/126"}],"collection":[{"href":"https:\/\/gmedicalsas.co\/index.php\/wp-json\/wp\/v2\/product"}],"about":[{"href":"https:\/\/gmedicalsas.co\/index.php\/wp-json\/wp\/v2\/types\/product"}],"replies":[{"embeddable":true,"href":"https:\/\/gmedicalsas.co\/index.php\/wp-json\/wp\/v2\/comments?post=126"}],"wp:featuredmedia":[{"embeddable":true,"href":"https:\/\/gmedicalsas.co\/index.php\/wp-json\/wp\/v2\/media\/123"}],"wp:attachment":[{"href":"https:\/\/gmedicalsas.co\/index.php\/wp-json\/wp\/v2\/media?parent=126"}],"wp:term":[{"taxonomy":"product_cat","embeddable":true,"href":"https:\/\/gmedicalsas.co\/index.php\/wp-json\/wp\/v2\/product_cat?post=126"},{"taxonomy":"product_tag","embeddable":true,"href":"https:\/\/gmedicalsas.co\/index.php\/wp-json\/wp\/v2\/product_tag?post=126"}],"curies":[{"name":"wp","href":"https:\/\/api.w.org\/{rel}","templated":true}]}}