{"id":119,"date":"2021-09-30T15:59:54","date_gmt":"2021-09-30T15:59:54","guid":{"rendered":"http:\/\/gmedicalsas.co\/?post_type=product&#038;p=119"},"modified":"2024-08-09T23:22:00","modified_gmt":"2024-08-09T23:22:00","slug":"barrera-protectora-de-piel-lisa","status":"publish","type":"product","link":"https:\/\/gmedicalsas.co\/index.php\/producto\/barrera-protectora-de-piel-lisa\/","title":{"rendered":"Barrera protectora de piel lisa"},"content":{"rendered":"<p>Barrera protectora de piel lisa stomahesive convatec:<\/p>\n<p>Barrera protectora de piel Stomahesive lisa elaborada en hidrocoloides. Adhesividad: Se adhiere a la piel firmemente sin lesionarla y puede permanecer en su sitio hasta por siete d\u00edas. Protector cut\u00e1neo no sensibilizante: Protegen la piel contra irritaciones y no crea reacci\u00f3n al\u00e9rgica en el paciente. Moldeable: Se adapta a los contornos irregulares de la piel y resulta c\u00f3modo durante el uso prolongado. Cubierta externa de polietileno: Prolonga su tiempo de uso. Puede usarse durante la ducha del paciente sin necesidad de cubrirla. REGISTRO INVIMA 2011DM\u20130000028-R1 FV 10-03-2021<\/p>\n","protected":false},"excerpt":{"rendered":"<p id=\"product_condition\"><label>Condition:<\/label>\u00a0<span class=\"editable\">New product<\/span><\/p>\n<div id=\"short_description_block\">\n<div id=\"short_description_content\" class=\"rte align_justify\">\n<p>Barrera protectora de piel lisa stomahesive convatec:<\/p>\n<p>Barrera protectora de piel Stomahesive lisa elaborada en hidrocoloides. Adhesividad: Se adhiere a la piel firmemente sin lesionarla y puede permanecer en su sitio hasta por siete d\u00edas.<\/p>\n<\/div>\n<\/div>\n","protected":false},"featured_media":120,"comment_status":"open","ping_status":"closed","template":"","meta":{"om_disable_all_campaigns":false,"_monsterinsights_skip_tracking":false,"_monsterinsights_sitenote_active":false,"_monsterinsights_sitenote_note":"","_monsterinsights_sitenote_category":0},"product_cat":[20],"product_tag":[],"class_list":["post-119","product","type-product","status-publish","has-post-thumbnail","hentry","product_cat-insumos-medicos","align-left","box-shadow-2","box-shadow-4-hover","ast-product-gallery-layout-horizontal","ast-product-gallery-with-no-image","ast-product-tabs-layout-horizontal"],"_links":{"self":[{"href":"https:\/\/gmedicalsas.co\/index.php\/wp-json\/wp\/v2\/product\/119"}],"collection":[{"href":"https:\/\/gmedicalsas.co\/index.php\/wp-json\/wp\/v2\/product"}],"about":[{"href":"https:\/\/gmedicalsas.co\/index.php\/wp-json\/wp\/v2\/types\/product"}],"replies":[{"embeddable":true,"href":"https:\/\/gmedicalsas.co\/index.php\/wp-json\/wp\/v2\/comments?post=119"}],"wp:featuredmedia":[{"embeddable":true,"href":"https:\/\/gmedicalsas.co\/index.php\/wp-json\/wp\/v2\/media\/120"}],"wp:attachment":[{"href":"https:\/\/gmedicalsas.co\/index.php\/wp-json\/wp\/v2\/media?parent=119"}],"wp:term":[{"taxonomy":"product_cat","embeddable":true,"href":"https:\/\/gmedicalsas.co\/index.php\/wp-json\/wp\/v2\/product_cat?post=119"},{"taxonomy":"product_tag","embeddable":true,"href":"https:\/\/gmedicalsas.co\/index.php\/wp-json\/wp\/v2\/product_tag?post=119"}],"curies":[{"name":"wp","href":"https:\/\/api.w.org\/{rel}","templated":true}]}}