{"id":116,"date":"2021-09-30T15:58:17","date_gmt":"2021-09-30T15:58:17","guid":{"rendered":"http:\/\/gmedicalsas.co\/?post_type=product&#038;p=116"},"modified":"2022-11-23T15:27:26","modified_gmt":"2022-11-23T15:27:26","slug":"aguja-desechable-rymco","status":"publish","type":"product","link":"https:\/\/gmedicalsas.co\/index.php\/producto\/aguja-desechable-rymco\/","title":{"rendered":"Aguja Desechable Rymco"},"content":{"rendered":"<p>Aguja Desechable:<\/p>\n<p>Cono luer, fabricado en polipropileno traslucido, grado m\u00e9dico, la pieza cumple con la conicidad luer 6%, previamente establecida en la Norma T\u00e9cnica Colombiana 1989. C\u00e1nula fabricada en acero resistente a la corrosi\u00f3n. En su extremo posee un bisel tribiselado con alto nivel de pulimiento libre de rebabas salientes. La c\u00e1nula es siliconada, lo cual permite una facilidad de penetraci\u00f3n y deslizamiento en el tejido. Se realiza fuerza de penetraci\u00f3n en un tejido simulado. Protector de la C\u00e1nula, fabricado en polipropileno trasl\u00facido, grado m\u00e9dico, su funci\u00f3n es proteger la c\u00e1nula de la aguja hasta la utilizaci\u00f3n del producto. Empaque integro unitario el cual permite y conserva la esterilidad del producto. REGISTRO INVIMA 2009DM-0004987 FV 07-12-2019<\/p>\n","protected":false},"excerpt":{"rendered":"<p id=\"product_condition\"><label>Condition:<\/label>\u00a0<span class=\"editable\">New product<\/span><\/p>\n<div id=\"short_description_block\">\n<div id=\"short_description_content\" class=\"rte align_justify\">\n<p>Aguja desechable:<\/p>\n<p>Aguja Hipod\u00e9rmica para usar una sola vez, penetra atraum\u00e1ticamente al tejido permitiendo la entrada y salida de sustancias al organismos.<\/p>\n<\/div>\n<\/div>\n<p class=\"socialsharing_product list-inline no-print\"><button class=\"btn btn-default btn-twitter social-sharing\" type=\"button\" data-type=\"twitter\"><i class=\"icon-twitter\"><\/i>\u00a0Tweet<\/button><\/p>\n","protected":false},"featured_media":117,"comment_status":"open","ping_status":"closed","template":"","meta":{"om_disable_all_campaigns":false,"_monsterinsights_skip_tracking":false,"_monsterinsights_sitenote_active":false,"_monsterinsights_sitenote_note":"","_monsterinsights_sitenote_category":0},"product_cat":[18],"product_tag":[],"class_list":["post-116","product","type-product","status-publish","has-post-thumbnail","hentry","product_cat-sin-categorizar","align-left","box-shadow-2","box-shadow-4-hover","ast-product-gallery-layout-horizontal","ast-product-gallery-with-no-image","ast-product-tabs-layout-horizontal"],"_links":{"self":[{"href":"https:\/\/gmedicalsas.co\/index.php\/wp-json\/wp\/v2\/product\/116"}],"collection":[{"href":"https:\/\/gmedicalsas.co\/index.php\/wp-json\/wp\/v2\/product"}],"about":[{"href":"https:\/\/gmedicalsas.co\/index.php\/wp-json\/wp\/v2\/types\/product"}],"replies":[{"embeddable":true,"href":"https:\/\/gmedicalsas.co\/index.php\/wp-json\/wp\/v2\/comments?post=116"}],"wp:featuredmedia":[{"embeddable":true,"href":"https:\/\/gmedicalsas.co\/index.php\/wp-json\/wp\/v2\/media\/117"}],"wp:attachment":[{"href":"https:\/\/gmedicalsas.co\/index.php\/wp-json\/wp\/v2\/media?parent=116"}],"wp:term":[{"taxonomy":"product_cat","embeddable":true,"href":"https:\/\/gmedicalsas.co\/index.php\/wp-json\/wp\/v2\/product_cat?post=116"},{"taxonomy":"product_tag","embeddable":true,"href":"https:\/\/gmedicalsas.co\/index.php\/wp-json\/wp\/v2\/product_tag?post=116"}],"curies":[{"name":"wp","href":"https:\/\/api.w.org\/{rel}","templated":true}]}}